{"id":8,"date":"2016-05-17T09:58:37","date_gmt":"2016-05-17T07:58:37","guid":{"rendered":"http:\/\/www.osk-zielonylistek.pl\/cm\/?page_id=8"},"modified":"2026-02-08T11:53:27","modified_gmt":"2026-02-08T10:53:27","slug":"home","status":"publish","type":"page","link":"http:\/\/www.osk-zielonylistek.pl\/cm\/","title":{"rendered":"Home"},"content":{"rendered":"<div class=\"fusion-one-fourth fusion-layout-column fusion-spacing-yes\" style=\"margin-top:0px;margin-bottom:20px;\"><div class=\"fusion-column-wrapper\"><div class=\"fusion-clearfix\"><\/div><\/div><\/div><div class=\"fusion-one-fourth fusion-layout-column fusion-spacing-yes homecol dropshadow\" style=\"margin-top:0px;margin-bottom:20px;\"><div class=\"fusion-column-wrapper\"><span class=\"fusion-imageframe imageframe-none imageframe-1 hover-type-zoomin homeimg\"><a class=\"fusion-no-lightbox\" href=\"nauka-jazdy\/\" target=\"_self\"> <img decoding=\"async\" src=\"http:\/\/www.osk-zielonylistek.pl\/cm\/wp-content\/uploads\/2016\/05\/strefa-nauki-jazdy.jpg\" alt=\"\" class=\"img-responsive\"width=\"400\" height=\"250\"\/><\/a><\/span><div class=\"fusion-title title sep-underline fusion-title-center fusion-title-size-three\" style=\"margin-top:10px;margin-bottom:31px;\"><h3 class=\"title-heading-center\">STREFA NAUKI JAZDY<\/h3><\/div><ul>\n<li style=\"text-align: left;\">kurs na prawo jazdy kat. B<\/li>\n<li style=\"text-align: left;\">konkurencyjne ceny<\/li>\n<li style=\"text-align: left;\">materia\u0142y dydaktyczne gratis<\/li>\n<li style=\"text-align: left;\">teoria w weekendy<\/li>\n<li style=\"text-align: left;\">badania lekarskie na miejscu<\/li>\n<li style=\"text-align: left;\">profesjonalna kadra instruktorska<\/li>\n<li style=\"text-align: left;\">mo\u017cliwo\u015b\u0107 p\u0142atno\u015bci w ratach<\/li>\n<\/ul>\n<div class=\"fusion-button-wrapper\"><style type=\"text\/css\" scoped=\"scoped\">.fusion-button.button-1 .fusion-button-text, .fusion-button.button-1 i {color:#ffffff;}.fusion-button.button-1 {border-width:0px;border-color:#ffffff;}.fusion-button.button-1 .fusion-button-icon-divider{border-color:#ffffff;}.fusion-button.button-1:hover .fusion-button-text, .fusion-button.button-1:hover i,.fusion-button.button-1:focus .fusion-button-text, .fusion-button.button-1:focus i,.fusion-button.button-1:active .fusion-button-text, .fusion-button.button-1:active{color:#ffffff;}.fusion-button.button-1:hover, .fusion-button.button-1:focus, .fusion-button.button-1:active{border-width:0px;border-color:#ffffff;}.fusion-button.button-1:hover .fusion-button-icon-divider, .fusion-button.button-1:hover .fusion-button-icon-divider, .fusion-button.button-1:active .fusion-button-icon-divider{border-color:#ffffff;}.fusion-button.button-1{background: #4db44b;}.fusion-button.button-1:hover,.button-1:focus,.fusion-button.button-1:active{background: #359333;}.fusion-button.button-1{width:100%;}<\/style><a class=\"fusion-button button-flat button-round button-large button-default button-1 homebut\" target=\"_self\" href=\"nauka-jazdy\/\"><span class=\"fusion-button-text\">WEJD\u0179 DO STREFY<\/span><\/a><\/div><div class=\"fusion-clearfix\"><\/div><\/div><\/div>\n<div class=\"fusion-one-fourth fusion-layout-column fusion-spacing-yes homecol dropshadow\" style=\"margin-top:0px;margin-bottom:20px;\"><div class=\"fusion-column-wrapper\"><span class=\"fusion-imageframe imageframe-none imageframe-2 hover-type-zoomin homeimg\"><a class=\"fusion-no-lightbox\" href=\"rejestracja-pojazdow\/\" target=\"_self\"> <img decoding=\"async\" src=\"http:\/\/www.osk-zielonylistek.pl\/cm\/wp-content\/uploads\/2016\/05\/strefa-rejestracji.jpg\" alt=\"\" class=\"img-responsive\"width=\"400\" height=\"250\"\/><\/a><\/span><div class=\"fusion-title title sep-underline fusion-title-center fusion-title-size-three\" style=\"margin-top:10px;margin-bottom:31px;\"><h3 class=\"title-heading-center\">STREFA\u00a0REJESTRACJI POJAZD\u00d3W<\/h3><\/div><ul>\n<li style=\"text-align: left;\">rejestrujemy samoch\u00f3d, odbieramy tablice, pozwolenie czasowe i dow\u00f3d rejestracyjny<\/li>\n<li style=\"text-align: left;\">sprawdzamy stan prowadzonych spraw w urz\u0119dach<\/li>\n<li style=\"text-align: left;\">sk\u0142adamy deklaracj\u0119 AKC-US<\/li>\n<li style=\"text-align: left;\">t\u0142umaczenia dowod\u00f3w rejestracyjnych<\/li>\n<li style=\"text-align: left;\">ubezpieczenia OC\/AC<\/li>\n<\/ul>\n<div class=\"fusion-button-wrapper\"><style type=\"text\/css\" scoped=\"scoped\">.fusion-button.button-2 .fusion-button-text, .fusion-button.button-2 i {color:#ffffff;}.fusion-button.button-2 {border-width:0px;border-color:#ffffff;}.fusion-button.button-2 .fusion-button-icon-divider{border-color:#ffffff;}.fusion-button.button-2:hover .fusion-button-text, .fusion-button.button-2:hover i,.fusion-button.button-2:focus .fusion-button-text, .fusion-button.button-2:focus i,.fusion-button.button-2:active .fusion-button-text, .fusion-button.button-2:active{color:#ffffff;}.fusion-button.button-2:hover, .fusion-button.button-2:focus, .fusion-button.button-2:active{border-width:0px;border-color:#ffffff;}.fusion-button.button-2:hover .fusion-button-icon-divider, .fusion-button.button-2:hover .fusion-button-icon-divider, .fusion-button.button-2:active .fusion-button-icon-divider{border-color:#ffffff;}.fusion-button.button-2{background: #4db44b;}.fusion-button.button-2:hover,.button-2:focus,.fusion-button.button-2:active{background: #359333;}.fusion-button.button-2{width:100%;}<\/style><a class=\"fusion-button button-flat button-round button-large button-default button-2 homebut\" target=\"_self\" href=\"rejestracja-pojazdow\/\"><span class=\"fusion-button-text\">WEJD\u0179 DO STREFY<\/span><\/a><\/div><div class=\"fusion-clearfix\"><\/div><\/div><\/div>\n<div class=\"fusion-one-fourth fusion-layout-column fusion-spacing-yes\" style=\"margin-top:0px;margin-bottom:20px;\"><div class=\"fusion-column-wrapper\"><div class=\"fusion-clearfix\"><\/div><\/div><\/div>\n","protected":false},"excerpt":{"rendered":"","protected":false},"author":2,"featured_media":0,"parent":0,"menu_order":0,"comment_status":"closed","ping_status":"closed","template":"100-width.php","meta":{"footnotes":""},"class_list":["post-8","page","type-page","status-publish","hentry"],"_links":{"self":[{"href":"http:\/\/www.osk-zielonylistek.pl\/cm\/wp-json\/wp\/v2\/pages\/8","targetHints":{"allow":["GET"]}}],"collection":[{"href":"http:\/\/www.osk-zielonylistek.pl\/cm\/wp-json\/wp\/v2\/pages"}],"about":[{"href":"http:\/\/www.osk-zielonylistek.pl\/cm\/wp-json\/wp\/v2\/types\/page"}],"author":[{"embeddable":true,"href":"http:\/\/www.osk-zielonylistek.pl\/cm\/wp-json\/wp\/v2\/users\/2"}],"replies":[{"embeddable":true,"href":"http:\/\/www.osk-zielonylistek.pl\/cm\/wp-json\/wp\/v2\/comments?post=8"}],"version-history":[{"count":50,"href":"http:\/\/www.osk-zielonylistek.pl\/cm\/wp-json\/wp\/v2\/pages\/8\/revisions"}],"predecessor-version":[{"id":270,"href":"http:\/\/www.osk-zielonylistek.pl\/cm\/wp-json\/wp\/v2\/pages\/8\/revisions\/270"}],"wp:attachment":[{"href":"http:\/\/www.osk-zielonylistek.pl\/cm\/wp-json\/wp\/v2\/media?parent=8"}],"curies":[{"name":"wp","href":"https:\/\/api.w.org\/{rel}","templated":true}]}}