{"id":19,"date":"2016-05-17T10:14:11","date_gmt":"2016-05-17T08:14:11","guid":{"rendered":"http:\/\/www.osk-zielonylistek.pl\/cm\/?page_id=19"},"modified":"2016-05-30T19:02:24","modified_gmt":"2016-05-30T17:02:24","slug":"karty-rabatowe","status":"publish","type":"page","link":"http:\/\/www.osk-zielonylistek.pl\/cm\/karty-rabatowe\/","title":{"rendered":"Karty rabatowe"},"content":{"rendered":"<div class=\"fusion-title title sep-underline fusion-title-size-two\" style=\"margin-top:0px;margin-bottom:31px;\"><h2 class=\"title-heading-left\">\n<h2 class=\"western\"><span style=\"color: #000000;\">PROGRAM RABATOWY<\/span><span style=\"color: #00cc33;\"> ZIELONY LISTEK <\/span><\/h2>\n<\/h2><\/div><style type='text\/css'>.reading-box-container-1 .element-bottomshadow:before,.reading-box-container-1 .element-bottomshadow:after{opacity:0.7;}<\/style><div class=\"fusion-reading-box-container reading-box-container-1\" style=\"margin-top:0px;margin-bottom:84px;\"><div class=\"reading-box reading-box-center element-bottomshadow\" style=\"background-color:#f6f6f6;border-width:1px;border-color:#f6f6f6;border-top-width:3px;border-top-color:#4db44b;border-style:solid;\"><h2>Pierwszy taki w naszym mie\u015bcie!<\/h2><div class=\"reading-box-additional\">To specjalny program rabatowy pe\u0142en zni\u017cek przygotowany z my\u015bl\u0105 o Klientach korzystaj\u0105cych z us\u0142ug oferowanych przez firm\u0119 ZIELONY LISTEK.<\/p>\n<p>Do naszego programu zaprosili\u015bmy najlepszych Partner\u00f3w, kt\u00f3rzy maj\u0105 ju\u017c wyrobion\u0105 dobr\u0105 mark\u0119 oraz \u015bwiadcz\u0105 najwy\u017csz\u0105 jako\u015b\u0107 us\u0142ug. W zak\u0142adce PARTNER znajdziesz ulubione sklepy i punkty us\u0142ugowe w mie\u015bcie. RABATY na Ciebie czekaj\u0105. Sprawd\u017a!<\/p>\n<p style=\"text-align: center;\"><span style=\"color: #ff0000;\"><strong>PROGRAM RUSZA JU\u017b NIED\u0141UGO!<\/strong><\/span><\/p>\n<\/div><\/div><\/div><div class=\"fusion-one-half fusion-layout-column fusion-spacing-yes\" style=\"margin-top:0px;margin-bottom:20px;\"><div class=\"fusion-column-wrapper\"><div class=\"imageframe-align-center\"><div class=\"imageframe-liftup\"><span style=\"-moz-box-shadow: 2px 3px 7px rgba(0,0,0,.3);-webkit-box-shadow: 2px 3px 7px rgba(0,0,0,.3);box-shadow: 2px 3px 7px rgba(0,0,0,.3);\" class=\"fusion-imageframe imageframe-dropshadow imageframe-1\"> <img decoding=\"async\" src=\"http:\/\/www.osk-zielonylistek.pl\/cm\/wp-content\/uploads\/2016\/05\/karta-rabatowa-wloclawek.jpg\" alt=\"karty rabatowe w\u0142oc\u0142awek\" class=\"img-responsive\"width=\"600\" height=\"391\"\/><\/span><\/div><\/div><div class=\"fusion-clearfix\"><\/div><\/div><\/div><div class=\"fusion-one-half fusion-layout-column fusion-column-last fusion-spacing-yes\" style=\"margin-top:0px;margin-bottom:20px;\"><div class=\"fusion-column-wrapper\"><div class=\"fusion-title title sep-underline fusion-title-size-three\" style=\"margin-top:0px;margin-bottom:31px;\"><h3 class=\"title-heading-left\">KARTA RABATOWA ZIELONY LISTEK<\/h3><\/div><p>Pozwala skorzysta\u0107 z rabat\u00f3w w sieci partnerskiej Zielonego Listka w sklepach, lokalach us\u0142ugowych, restauracjach i hotelach na naszym lokalnym rynku.<\/p>\n<h3>KORZY\u015aCI<\/h3>\n<p>&#8211; dost\u0119p do bazy produkt\u00f3w oraz us\u0142ug na lokalnym rynku z rabatami nawet <span style=\"color: #00cc33;\"><span style=\"font-size: x-large;\">do 30%<\/span><\/span><\/p>\n<h3>WARUNKI<\/h3>\n<p>Klient firmy Zielony Listek oraz zaprzyja\u017anieni Klienci naszych Partner\u00f3w otrzymuj\u0105 kart\u0119 rabatow\u0105 &#8211; skorzystanie z naszych us\u0142ug upowa\u017cnia do otrzymania karty rabatowej <span style=\"color: #00cc33;\">ZIELONY LISTEK<\/span><\/p>\n<div class=\"fusion-clearfix\"><\/div><\/div><\/div><div class=\"fusion-clearfix\"><\/div><style type='text\/css'>.reading-box-container-2 .element-bottomshadow:before,.reading-box-container-2 .element-bottomshadow:after{opacity:0.7;}<\/style><div class=\"fusion-reading-box-container reading-box-container-2\" style=\"margin-top:0px;margin-bottom:0px;\"><div class=\"reading-box\" style=\"background-color:#f6f6f6;border-width:1px;border-color:#f6f6f6;border-top-width:3px;border-top-color:#4db44b;border-style:solid;\"><h2>W przesz\u0142o\u015bci korzysta\u0142e\u015b z naszych us\u0142ug?<\/h2><div class=\"reading-box-additional\">\n<h2 style=\"text-align: center;\"><span style=\"color: #00cc33;\">Zg\u0142o\u015b si\u0119 do nas!<\/span><\/h2>\n<\/div><\/div><\/div><style type='text\/css'>.reading-box-container-3 .element-bottomshadow:before,.reading-box-container-3 .element-bottomshadow:after{opacity:0.7;}<\/style><div class=\"fusion-reading-box-container reading-box-container-3 naukakontakt\" style=\"margin-top:0px;margin-bottom:84px;\"><div class=\"reading-box element-bottomshadow\" style=\"background-color:#f6f6f6;border-width:1px;border-color:#f6f6f6;border-top-width:3px;border-top-color:#4db44b;border-style:solid;\"><div class=\"reading-box-additional\">\n<p style=\"text-align: center;\">570-865-444<\/p>\n<p style=\"text-align: center;\"><a href=\"mailto:biuro@osk-zielonylistek.pl\">biuro@osk-zielonylistek.pl<\/a><\/p>\n<p style=\"text-align: center;\">Biuro:<br \/>\nul. Boja\u0144czyka 3\/5<br \/>\n87-800 W\u0142oc\u0142awek<\/p>\n<\/div><\/div><\/div>\n","protected":false},"excerpt":{"rendered":"","protected":false},"author":2,"featured_media":0,"parent":0,"menu_order":0,"comment_status":"closed","ping_status":"closed","template":"","meta":{"footnotes":""},"class_list":["post-19","page","type-page","status-publish","hentry"],"_links":{"self":[{"href":"http:\/\/www.osk-zielonylistek.pl\/cm\/wp-json\/wp\/v2\/pages\/19","targetHints":{"allow":["GET"]}}],"collection":[{"href":"http:\/\/www.osk-zielonylistek.pl\/cm\/wp-json\/wp\/v2\/pages"}],"about":[{"href":"http:\/\/www.osk-zielonylistek.pl\/cm\/wp-json\/wp\/v2\/types\/page"}],"author":[{"embeddable":true,"href":"http:\/\/www.osk-zielonylistek.pl\/cm\/wp-json\/wp\/v2\/users\/2"}],"replies":[{"embeddable":true,"href":"http:\/\/www.osk-zielonylistek.pl\/cm\/wp-json\/wp\/v2\/comments?post=19"}],"version-history":[{"count":8,"href":"http:\/\/www.osk-zielonylistek.pl\/cm\/wp-json\/wp\/v2\/pages\/19\/revisions"}],"predecessor-version":[{"id":100,"href":"http:\/\/www.osk-zielonylistek.pl\/cm\/wp-json\/wp\/v2\/pages\/19\/revisions\/100"}],"wp:attachment":[{"href":"http:\/\/www.osk-zielonylistek.pl\/cm\/wp-json\/wp\/v2\/media?parent=19"}],"curies":[{"name":"wp","href":"https:\/\/api.w.org\/{rel}","templated":true}]}}