{"id":17,"date":"2016-05-17T10:13:52","date_gmt":"2016-05-17T08:13:52","guid":{"rendered":"http:\/\/www.osk-zielonylistek.pl\/cm\/?page_id=17"},"modified":"2026-02-08T11:54:37","modified_gmt":"2026-02-08T10:54:37","slug":"rejestracja-pojazdow","status":"publish","type":"page","link":"http:\/\/www.osk-zielonylistek.pl\/cm\/rejestracja-pojazdow\/","title":{"rendered":"Rejestracja pojazd\u00f3w"},"content":{"rendered":"<div class=\"fusion-title title sep-underline fusion-title-size-two\" style=\"margin-top:0px;margin-bottom:31px;\"><h2 class=\"title-heading-left\">REJESTRACJA POJAZD\u00d3W &#8211; W\u0141OC\u0141AWEK I OKOLICE<\/h2><\/div><style type='text\/css'>.reading-box-container-1 .element-bottomshadow:before,.reading-box-container-1 .element-bottomshadow:after{opacity:0.7;}<\/style><div class=\"fusion-reading-box-container reading-box-container-1\" style=\"margin-top:0px;margin-bottom:84px;\"><div class=\"reading-box reading-box-center element-bottomshadow\" style=\"background-color:#f6f6f6;border-width:1px;border-color:#f6f6f6;border-top-width:3px;border-top-color:#4db44b;border-style:solid;\"><div class=\"reading-box-additional\">Kompleksowa rejestracja pojazd\u00f3w z kraju i zagranicy.<\/p>\n<p><strong>Nie stoisz w kolejkach, nie gubisz si\u0119 w g\u0105szczu urz\u0119dniczych spraw.<\/strong><br \/>\n<strong>Wszystko za\u0142atwiamy za Ciebie.<\/strong><\/div><\/div><\/div><div class=\"fusion-one-half fusion-layout-column fusion-spacing-yes\" style=\"margin-top:0px;margin-bottom:20px;\"><div class=\"fusion-column-wrapper\"><div class=\"imageframe-align-center\"><span class=\"fusion-imageframe imageframe-bottomshadow imageframe-1 element-bottomshadow hover-type-none\"> <img decoding=\"async\" src=\"http:\/\/www.osk-zielonylistek.pl\/cm\/wp-content\/uploads\/2016\/05\/strefa-rejestracji.jpg\" alt=\"rejestracja pojazd\u00f3w w\u0142oc\u0142awek\" class=\"img-responsive\"width=\"400\" height=\"250\"\/><\/span><\/div><div class=\"fusion-clearfix\"><\/div><\/div><\/div><div class=\"fusion-one-half fusion-layout-column fusion-column-last fusion-spacing-yes\" style=\"margin-top:0px;margin-bottom:20px;\"><div class=\"fusion-column-wrapper\"><p style=\"text-align: justify;\">ZIELONY LISTEK \u015bwiadczy profesjonaln\u0105 i kompleksow\u0105 obs\u0142ug\u0119 przygotowania pojazd\u00f3w do rejestracji. Stawiamy na nowoczesne i szybkie rozwi\u0105zania, us\u0142ug\u0119 realizujemy w ci\u0105gu 48 h. W tym czasie dokonamy wszelkich formalno\u015bci zwi\u0105zanych z rejestracj\u0105 Twojego Samochodu.<\/p>\n<p style=\"text-align: justify;\">W Twoim imieniu przejdziemy przez ca\u0142y szereg biurokratycznych spraw. Na podstawie pe\u0142nomocnictwa b\u0119dziemy reprezentowa\u0107 Ci\u0119 w Wydziale Komunikacji, ponadto dokonamy wszelkich formalno\u015bci zwi\u0105zanych z przygotowaniem dokument\u00f3w w Urz\u0119dzie Celnym i Skarbowym, zajmiemy si\u0119 t\u0142umaczeniem dokument\u00f3w przysi\u0119g\u0142ych oraz zwyk\u0142ych, zadbamy r\u00f3wnie\u017c o w\u0142a\u015bciwy dob\u00f3r ubezpieczenia OC i AC.<\/p>\n<div class=\"fusion-clearfix\"><\/div><\/div><\/div><div class=\"fusion-clearfix\"><\/div><style type='text\/css'>.reading-box-container-2 .element-bottomshadow:before,.reading-box-container-2 .element-bottomshadow:after{opacity:0.7;}<\/style><div class=\"fusion-reading-box-container reading-box-container-2\" style=\"margin-top:0px;margin-bottom:84px;\"><div class=\"reading-box reading-box-center element-bottomshadow\" style=\"background-color:#f6f6f6;border-width:1px;border-color:#f6f6f6;border-top-width:3px;border-top-color:#4db44b;border-style:solid;\"><h2>My przechodzimy t\u0105 \u015bcie\u017ck\u0119 codziennie - zle\u0107 to zadanie profesjonalistom.<\/h2><div class=\"reading-box-description\">Zarejestruj z nami auto; nie szukaj najni\u017cszej ceny t\u0142umaczenia i ubezpieczenia \u2013 U NAS KOMPLEKS US\u0141UG.<\/div><div class=\"reading-box-additional\">\n<hr \/>\n<p style=\"text-align: justify;\">Wsp\u00f3\u0142pracujemy z t\u0142umaczami przysi\u0119g\u0142ymi wszystkich j\u0119zyk\u00f3w unijnych jak i spoza Unii. T\u0142umaczymy dokumenty samochod\u00f3w jak i inne niestandardowe teksty. Z uwagi na du\u017c\u0105 ilo\u015b\u0107 wykonywanych zlece\u0144 mo\u017cemy zaproponowa\u0107 Pa\u0144stwu konkurencyjne ceny.<\/p>\n<\/div><\/div><\/div><div class=\"fusion-title title sep-underline fusion-title-size-three\" style=\"margin-top:0px;margin-bottom:31px;\"><h3 class=\"title-heading-left\">Nasze us\u0142ugi w zakresie kompleksowej rejestracji pojazdu:<\/h3><\/div><div class=\"fusion-one-half fusion-layout-column fusion-spacing-yes\" style=\"margin-top:0px;margin-bottom:20px;\"><div class=\"fusion-column-wrapper\"><p><span style=\"text-decoration: underline;\">Wydzia\u0142 Komunikacji:<\/span><\/p>\n<ul>\n<li>rejestracja pojazd\u00f3w sprowadzonych z zagranicy<\/li>\n<li>przerejestrowanie aktualnie u\u017cywanego pojazdu<\/li>\n<li>rejestracja pojazd\u00f3w zakupionych w salonach krajowych<\/li>\n<li>rejestracja zabytkowych pojazd\u00f3w<\/li>\n<li>zg\u0142oszenie zbycia pojazd\u00f3w<\/li>\n<li>wyrejestrowanie pojazd\u00f3w (z\u0142omowanie pojazdu)<\/li>\n<li>wt\u00f3rniki dokument\u00f3w<\/li>\n<li>dokonywanie adnotacji: hak, gaz, taxi, L w dowodzie rejestracyjnym<\/li>\n<li>odbi\u00f3r dokument\u00f3w zatrzymanych przez policj\u0119<\/li>\n<li>odbi\u00f3r sta\u0142ego dowodu rejestracyjnego<\/li>\n<\/ul>\n<div class=\"fusion-clearfix\"><\/div><\/div><\/div><div class=\"fusion-one-half fusion-layout-column fusion-column-last fusion-spacing-yes\" style=\"margin-top:0px;margin-bottom:20px;\"><div class=\"fusion-column-wrapper\"><p><span style=\"text-decoration: underline;\">Urz\u0105d Celny:<\/span><\/p>\n<ul>\n<li>deklaracja AKC-US<\/li>\n<\/ul>\n<p><span style=\"text-decoration: underline;\">Urz\u0105d Skarbowy:<\/span><\/p>\n<ul>\n<li>Vat 25<\/li>\n<li>PCC 3<\/li>\n<\/ul>\n<p><span style=\"text-decoration: underline;\">Inne czynno\u015bci:<\/span><\/p>\n<ul>\n<li>T\u0142umaczenia dokument\u00f3w niezb\u0119dnych do rejestracji pojazd\u00f3w<\/li>\n<li>Ubezpieczenie twojego pojazdu<\/li>\n<\/ul>\n<div class=\"fusion-clearfix\"><\/div><\/div><\/div><div class=\"fusion-clearfix\"><\/div><style type='text\/css'>.reading-box-container-3 .element-bottomshadow:before,.reading-box-container-3 .element-bottomshadow:after{opacity:0.7;}<\/style><div class=\"fusion-reading-box-container reading-box-container-3\" style=\"margin-top:0px;margin-bottom:84px;\"><div class=\"reading-box reading-box-center element-bottomshadow\" style=\"background-color:#f6f6f6;border-width:1px;border-color:#f6f6f6;border-top-width:3px;border-top-color:#4db44b;border-style:solid;\"><h2>Cennik naszych us\u0142ug:<\/h2><div class=\"reading-box-additional\">\n<div class=\"fusion-table table-1\">\n<table width=\"100%\">\n<thead>\n<tr>\n<th>NAZWA US\u0141UGI<\/th>\n<th>CENA<\/th>\n<\/tr>\n<\/thead>\n<tbody>\n<tr>\n<td>Przygotowanie do rejestracji pojazd\u00f3w zakupionych w kraju<\/td>\n<td>160 z\u0142<\/td>\n<\/tr>\n<tr>\n<td>Przygotowanie do rejestracji pojazd\u00f3w sprowadzonych z zagranicy<\/td>\n<td>180 z\u0142<\/td>\n<\/tr>\n<tr>\n<td>\u00a0Inne us\u0142ugi (adnotacje GAZ, TAXI, Hak, L wt\u00f3rniki dokument\u00f3w)<\/td>\n<td>100 z\u0142<\/td>\n<\/tr>\n<\/tbody>\n<\/table>\n<\/div>\n<\/div><\/div><\/div><style type='text\/css'>.reading-box-container-4 .element-bottomshadow:before,.reading-box-container-4 .element-bottomshadow:after{opacity:0.7;}<\/style><div class=\"fusion-reading-box-container reading-box-container-4\" style=\"margin-top:0px;margin-bottom:0px;\"><div class=\"reading-box\" style=\"background-color:#f6f6f6;border-width:1px;border-color:#f6f6f6;border-top-width:3px;border-top-color:#4db44b;border-style:solid;\"><div class=\"reading-box-additional\">Jeste\u015bmy do Pa\u0144stwa dyspozycji od poniedzia\u0142ku do pi\u0105tku w godzinach 9-17. Je\u017celi maj\u0105 Pa\u0144stwo pytania lub w\u0105tpliwo\u015bci zapraszamy do kontaktu:<\/div><\/div><\/div><style type='text\/css'>.reading-box-container-5 .element-bottomshadow:before,.reading-box-container-5 .element-bottomshadow:after{opacity:0.7;}<\/style><div class=\"fusion-reading-box-container reading-box-container-5 naukakontakt\" style=\"margin-top:0px;margin-bottom:84px;\"><div class=\"reading-box reading-box-center element-bottomshadow\" style=\"background-color:#f6f6f6;border-width:1px;border-color:#f6f6f6;border-top-width:3px;border-top-color:#4db44b;border-style:solid;\"><div class=\"reading-box-additional\">\n<p style=\"text-align: center;\">570-865-444<\/p>\n<p style=\"text-align: center;\"><a href=\"mailto:biuro@osk-zielonylistek.pl\">biuro@osk-zielonylistek.pl<\/a><\/p>\n<p style=\"text-align: center;\">Biuro:<br \/>\nul. Boja\u0144czyka 3\/5<br \/>\n87-800 W\u0142oc\u0142awek<\/p>\n<\/div><\/div><\/div>\n","protected":false},"excerpt":{"rendered":"","protected":false},"author":2,"featured_media":0,"parent":0,"menu_order":0,"comment_status":"closed","ping_status":"closed","template":"","meta":{"footnotes":""},"class_list":["post-17","page","type-page","status-publish","hentry"],"_links":{"self":[{"href":"http:\/\/www.osk-zielonylistek.pl\/cm\/wp-json\/wp\/v2\/pages\/17","targetHints":{"allow":["GET"]}}],"collection":[{"href":"http:\/\/www.osk-zielonylistek.pl\/cm\/wp-json\/wp\/v2\/pages"}],"about":[{"href":"http:\/\/www.osk-zielonylistek.pl\/cm\/wp-json\/wp\/v2\/types\/page"}],"author":[{"embeddable":true,"href":"http:\/\/www.osk-zielonylistek.pl\/cm\/wp-json\/wp\/v2\/users\/2"}],"replies":[{"embeddable":true,"href":"http:\/\/www.osk-zielonylistek.pl\/cm\/wp-json\/wp\/v2\/comments?post=17"}],"version-history":[{"count":14,"href":"http:\/\/www.osk-zielonylistek.pl\/cm\/wp-json\/wp\/v2\/pages\/17\/revisions"}],"predecessor-version":[{"id":271,"href":"http:\/\/www.osk-zielonylistek.pl\/cm\/wp-json\/wp\/v2\/pages\/17\/revisions\/271"}],"wp:attachment":[{"href":"http:\/\/www.osk-zielonylistek.pl\/cm\/wp-json\/wp\/v2\/media?parent=17"}],"curies":[{"name":"wp","href":"https:\/\/api.w.org\/{rel}","templated":true}]}}